{"id":899,"date":"2023-05-16T14:53:35","date_gmt":"2023-05-16T17:53:35","guid":{"rendered":"http:\/\/ludces.com.br\/?page_id=899"},"modified":"2023-05-19T23:14:36","modified_gmt":"2023-05-20T02:14:36","slug":"899-2","status":"publish","type":"page","link":"https:\/\/ludces.com.br\/","title":{"rendered":"home"},"content":{"rendered":"\n<div class=\"wp-block-cover alignfull\" style=\"min-height:501px\"><span aria-hidden=\"true\" class=\"wp-block-cover__background has-background-dim\"><\/span><img decoding=\"async\" loading=\"lazy\" width=\"2048\" height=\"1365\" class=\"wp-block-cover__image-background wp-image-897\" alt=\"\" src=\"https:\/\/ludces.com.br\/wp-content\/uploads\/2023\/05\/AlineGestante-marco2020-ludicesfotografia-103.jpg\" data-object-fit=\"cover\" srcset=\"https:\/\/ludces.com.br\/wp-content\/uploads\/2023\/05\/AlineGestante-marco2020-ludicesfotografia-103.jpg 2048w, https:\/\/ludces.com.br\/wp-content\/uploads\/2023\/05\/AlineGestante-marco2020-ludicesfotografia-103-300x200.jpg 300w, https:\/\/ludces.com.br\/wp-content\/uploads\/2023\/05\/AlineGestante-marco2020-ludicesfotografia-103-1024x683.jpg 1024w, https:\/\/ludces.com.br\/wp-content\/uploads\/2023\/05\/AlineGestante-marco2020-ludicesfotografia-103-768x512.jpg 768w, https:\/\/ludces.com.br\/wp-content\/uploads\/2023\/05\/AlineGestante-marco2020-ludicesfotografia-103-1536x1024.jpg 1536w\" sizes=\"(max-width: 2048px) 100vw, 2048px\" \/><div class=\"wp-block-cover__inner-container\">\n<div class=\"inherit-container-width wp-block-group is-layout-constrained\">\n<figure class=\"wp-block-image aligncenter size-medium has-custom-border\"><img decoding=\"async\" loading=\"lazy\" width=\"300\" height=\"300\" src=\"https:\/\/ludces.com.br\/wp-content\/uploads\/2023\/05\/simbolo-png-lud-edited-300x300.png\" alt=\"\" class=\"wp-image-901\" style=\"border-style:none;border-width:0px\" srcset=\"https:\/\/ludces.com.br\/wp-content\/uploads\/2023\/05\/simbolo-png-lud-edited-300x300.png 300w, https:\/\/ludces.com.br\/wp-content\/uploads\/2023\/05\/simbolo-png-lud-edited-150x150.png 150w, https:\/\/ludces.com.br\/wp-content\/uploads\/2023\/05\/simbolo-png-lud-edited.png 528w\" sizes=\"(max-width: 300px) 100vw, 300px\" \/><\/figure>\n<\/div>\n\n\n\n<p class=\"has-text-align-center\" style=\"padding-top:0;padding-right:0;padding-bottom:0;padding-left:0;font-size:18px;font-style:normal;font-weight:300;line-height:1.1\">A vida \u00e9 cheia de momentos incr\u00edveis, venha registr\u00e1-los de maneira leve e divertida!<\/p>\n<\/div><\/div>\n\n\n\n<hr class=\"wp-block-separator has-alpha-channel-opacity\"\/>\n\n\n\n<div class=\"inherit-container-width wp-block-group alignfull is-layout-constrained\">\n<div class=\"wp-block-media-text alignfull has-media-on-the-right is-stacked-on-mobile is-vertically-aligned-center\" style=\"grid-template-columns:auto 32%\"><div class=\"wp-block-media-text__content\">\n<h3 class=\"wp-block-heading has-text-align-center has-text-color\" style=\"color:#9f82cf;font-size:31px;font-style:normal;font-weight:500;text-transform:uppercase\">PRAZER, EU SOU A LUD!<\/h3>\n\n\n\n<p class=\"has-medium-font-size\">Fot\u00f3grafa de fam\u00edlia, retratos e eventos com est\u00e9tica lifestyle (estilo de vida), aquelas imagens que sa\u00edram direto do seu sonho sobre os momentos mais legais da sua vida.<\/p>\n\n\n\n<p class=\"has-medium-font-size\">As risadas lindas do beb\u00ea, olhares apaixonados, gestantes reluzentes e dar aquele boom na auto estima de quem quiser se aventurar comigo.<\/p>\n\n\n\n<p class=\"has-medium-font-size\">Aquela palavrinha l\u00e1, Ludces, \u00e9 tudo aquilo que eu, Lud, fa\u00e7o com todo carinho e dedica\u00e7\u00e3o.<br>Meu objetivo \u00e9 sempre misturar a sua personalidade e a minha arte, criando ensaios incr\u00edveis, daqueles que voc\u00ea vai guardar com todo amor e mostrar feliz pra todo mundo!<\/p>\n<\/div><figure class=\"wp-block-media-text__media\"><img decoding=\"async\" loading=\"lazy\" width=\"1024\" height=\"890\" src=\"https:\/\/ludces.com.br\/wp-content\/uploads\/2023\/05\/casamentoliviadiego-ludcesfotografia-2022-358-e1684291624175-1024x890.jpg\" alt=\"\" class=\"wp-image-1083 size-large\" srcset=\"https:\/\/ludces.com.br\/wp-content\/uploads\/2023\/05\/casamentoliviadiego-ludcesfotografia-2022-358-e1684291624175-1024x890.jpg 1024w, https:\/\/ludces.com.br\/wp-content\/uploads\/2023\/05\/casamentoliviadiego-ludcesfotografia-2022-358-e1684291624175-300x261.jpg 300w, https:\/\/ludces.com.br\/wp-content\/uploads\/2023\/05\/casamentoliviadiego-ludcesfotografia-2022-358-e1684291624175-768x667.jpg 768w, https:\/\/ludces.com.br\/wp-content\/uploads\/2023\/05\/casamentoliviadiego-ludcesfotografia-2022-358-e1684291624175-1536x1335.jpg 1536w, https:\/\/ludces.com.br\/wp-content\/uploads\/2023\/05\/casamentoliviadiego-ludcesfotografia-2022-358-e1684291624175.jpg 1961w\" sizes=\"(max-width: 1024px) 100vw, 1024px\" \/><\/figure><\/div>\n<\/div>\n\n\n\n<div class=\"wp-block-uagb-container uagb-block-2a447f85 alignfull uagb-is-root-container\"><div class=\"uagb-container-inner-blocks-wrap\">\n<div class=\"wp-block-uagb-container uagb-block-3b053af2\">\n<div class=\"wp-block-cover aligncenter is-light\"><span aria-hidden=\"true\" class=\"wp-block-cover__background has-background-dim\"><\/span><img decoding=\"async\" loading=\"lazy\" width=\"1708\" height=\"1707\" class=\"wp-block-cover__image-background wp-image-1090\" alt=\"\" src=\"https:\/\/ludces.com.br\/wp-content\/uploads\/2023\/05\/casamentoliviadiego-ludcesfotografia-2022-389-edited.jpg\" data-object-fit=\"cover\" srcset=\"https:\/\/ludces.com.br\/wp-content\/uploads\/2023\/05\/casamentoliviadiego-ludcesfotografia-2022-389-edited.jpg 1708w, https:\/\/ludces.com.br\/wp-content\/uploads\/2023\/05\/casamentoliviadiego-ludcesfotografia-2022-389-edited-300x300.jpg 300w, https:\/\/ludces.com.br\/wp-content\/uploads\/2023\/05\/casamentoliviadiego-ludcesfotografia-2022-389-edited-1024x1024.jpg 1024w, https:\/\/ludces.com.br\/wp-content\/uploads\/2023\/05\/casamentoliviadiego-ludcesfotografia-2022-389-edited-150x150.jpg 150w, https:\/\/ludces.com.br\/wp-content\/uploads\/2023\/05\/casamentoliviadiego-ludcesfotografia-2022-389-edited-768x768.jpg 768w, https:\/\/ludces.com.br\/wp-content\/uploads\/2023\/05\/casamentoliviadiego-ludcesfotografia-2022-389-edited-1536x1536.jpg 1536w\" sizes=\"(max-width: 1708px) 100vw, 1708px\" \/><div class=\"wp-block-cover__inner-container\">\n<p class=\"has-text-align-center has-large-font-size\"><\/p>\n\n\n\n<div class=\"wp-block-uagb-buttons uagb-buttons__outer-wrap uagb-btn__default-btn uagb-btn-tablet__default-btn uagb-btn-mobile__default-btn uagb-block-bca1e639\"><div class=\"uagb-buttons__wrap uagb-buttons-layout-wrap\">\n<div class=\"wp-block-uagb-buttons-child uagb-buttons__outer-wrap uagb-block-64edfd39 wp-block-button\"><div class=\"uagb-button__wrapper\"><a class=\"uagb-buttons-repeater wp-block-button__link has-background has-text-color\" href=\"\/\/ludces.com.br\/?page_id=1149\" onclick=\"return true;\" rel=\"follow noopener\" target=\"_self\"><div class=\"uagb-button__link\">cASAIS<\/div><\/a><\/div><\/div>\n<\/div><\/div>\n<\/div><\/div>\n<\/div>\n\n\n\n<div class=\"wp-block-uagb-container uagb-block-b26d4c47\">\n<div class=\"wp-block-cover is-light\"><span aria-hidden=\"true\" class=\"wp-block-cover__background has-background-dim\"><\/span><img decoding=\"async\" loading=\"lazy\" width=\"1138\" height=\"1139\" class=\"wp-block-cover__image-background wp-image-1088\" alt=\"\" src=\"https:\/\/ludces.com.br\/wp-content\/uploads\/2023\/05\/casamentoliviadiego-ludcesfotografia-2022-128-edited.jpg\" data-object-fit=\"cover\" srcset=\"https:\/\/ludces.com.br\/wp-content\/uploads\/2023\/05\/casamentoliviadiego-ludcesfotografia-2022-128-edited.jpg 1138w, https:\/\/ludces.com.br\/wp-content\/uploads\/2023\/05\/casamentoliviadiego-ludcesfotografia-2022-128-edited-300x300.jpg 300w, https:\/\/ludces.com.br\/wp-content\/uploads\/2023\/05\/casamentoliviadiego-ludcesfotografia-2022-128-edited-1024x1024.jpg 1024w, https:\/\/ludces.com.br\/wp-content\/uploads\/2023\/05\/casamentoliviadiego-ludcesfotografia-2022-128-edited-150x150.jpg 150w, https:\/\/ludces.com.br\/wp-content\/uploads\/2023\/05\/casamentoliviadiego-ludcesfotografia-2022-128-edited-768x769.jpg 768w\" sizes=\"(max-width: 1138px) 100vw, 1138px\" \/><div class=\"wp-block-cover__inner-container\">\n<p class=\"has-text-align-center has-large-font-size\"><\/p>\n\n\n\n<div class=\"wp-block-uagb-buttons uagb-buttons__outer-wrap uagb-btn__default-btn uagb-btn-tablet__default-btn uagb-btn-mobile__default-btn uagb-block-fc44ccab\"><div class=\"uagb-buttons__wrap uagb-buttons-layout-wrap\">\n<div class=\"wp-block-uagb-buttons-child uagb-buttons__outer-wrap uagb-block-c7dd3804 wp-block-button\"><div class=\"uagb-button__wrapper\"><a class=\"uagb-buttons-repeater wp-block-button__link has-background\" href=\"\/\/ludces.com.br\/?page_id=1186\" onclick=\"return true;\" rel=\"follow noopener\" target=\"_self\"><div class=\"uagb-button__link\">EVENTOS<\/div><\/a><\/div><\/div>\n<\/div><\/div>\n<\/div><\/div>\n<\/div>\n\n\n\n<div class=\"wp-block-uagb-container uagb-block-e8928eee\">\n<div class=\"wp-block-cover aligncenter is-light\"><span aria-hidden=\"true\" class=\"wp-block-cover__background has-background-dim\"><\/span><img decoding=\"async\" loading=\"lazy\" width=\"683\" height=\"683\" class=\"wp-block-cover__image-background wp-image-1087\" alt=\"\" src=\"https:\/\/ludces.com.br\/wp-content\/uploads\/2023\/05\/esperadeLaura_ludcesfotografia_jan2023-198-edited.jpg\" data-object-fit=\"cover\" srcset=\"https:\/\/ludces.com.br\/wp-content\/uploads\/2023\/05\/esperadeLaura_ludcesfotografia_jan2023-198-edited.jpg 683w, https:\/\/ludces.com.br\/wp-content\/uploads\/2023\/05\/esperadeLaura_ludcesfotografia_jan2023-198-edited-300x300.jpg 300w, https:\/\/ludces.com.br\/wp-content\/uploads\/2023\/05\/esperadeLaura_ludcesfotografia_jan2023-198-edited-150x150.jpg 150w\" sizes=\"(max-width: 683px) 100vw, 683px\" \/><div class=\"wp-block-cover__inner-container\">\n<p class=\"has-text-align-center has-large-font-size\"><\/p>\n\n\n\n<div class=\"wp-block-uagb-buttons uagb-buttons__outer-wrap uagb-btn__default-btn uagb-btn-tablet__default-btn uagb-btn-mobile__default-btn uagb-block-2f8bb4d0\"><div class=\"uagb-buttons__wrap uagb-buttons-layout-wrap\">\n<div class=\"wp-block-uagb-buttons-child uagb-buttons__outer-wrap uagb-block-30b5ae7a wp-block-button\"><div class=\"uagb-button__wrapper\"><a class=\"uagb-buttons-repeater wp-block-button__link has-background\" href=\"\/\/ludces.com.br\/?page_id=1189(abrir em uma nova aba)\" onclick=\"return true;\" rel=\"follow noopener\" target=\"_self\"><div class=\"uagb-button__link\">GESTANTE<\/div><\/a><\/div><\/div>\n<\/div><\/div>\n<\/div><\/div>\n<\/div>\n\n\n\n<div class=\"wp-block-uagb-container uagb-block-bd5c5b95\">\n<div class=\"wp-block-cover aligncenter is-light\"><span aria-hidden=\"true\" class=\"wp-block-cover__background has-background-dim\"><\/span><img decoding=\"async\" loading=\"lazy\" width=\"683\" height=\"683\" class=\"wp-block-cover__image-background wp-image-1092\" alt=\"\" src=\"https:\/\/ludces.com.br\/wp-content\/uploads\/2023\/05\/previasgael_maio2021_ludcesfotografia-107-edited.jpg\" data-object-fit=\"cover\" srcset=\"https:\/\/ludces.com.br\/wp-content\/uploads\/2023\/05\/previasgael_maio2021_ludcesfotografia-107-edited.jpg 683w, https:\/\/ludces.com.br\/wp-content\/uploads\/2023\/05\/previasgael_maio2021_ludcesfotografia-107-edited-300x300.jpg 300w, https:\/\/ludces.com.br\/wp-content\/uploads\/2023\/05\/previasgael_maio2021_ludcesfotografia-107-edited-150x150.jpg 150w\" sizes=\"(max-width: 683px) 100vw, 683px\" \/><div class=\"wp-block-cover__inner-container\">\n<p class=\"has-text-align-center has-large-font-size\"><\/p>\n\n\n\n<div class=\"wp-block-uagb-buttons uagb-buttons__outer-wrap uagb-btn__default-btn uagb-btn-tablet__default-btn uagb-btn-mobile__default-btn uagb-block-332eda01\"><div class=\"uagb-buttons__wrap uagb-buttons-layout-wrap\">\n<div class=\"wp-block-uagb-buttons-child uagb-buttons__outer-wrap uagb-block-eeeebba4 wp-block-button\"><div class=\"uagb-button__wrapper\"><a class=\"uagb-buttons-repeater wp-block-button__link has-background\" href=\"\/\/ludces.com.br\/?page_id=1194\" onclick=\"return true;\" rel=\"follow noopener\" target=\"_self\"><div class=\"uagb-button__link\">FAMILIA<\/div><\/a><\/div><\/div>\n<\/div><\/div>\n<\/div><\/div>\n<\/div>\n\n\n\n<div class=\"wp-block-uagb-container uagb-block-cd686666\">\n<div class=\"wp-block-cover\"><span aria-hidden=\"true\" class=\"wp-block-cover__background has-background-dim\"><\/span><img decoding=\"async\" loading=\"lazy\" width=\"1356\" height=\"1356\" class=\"wp-block-cover__image-background wp-image-1093\" alt=\"\" src=\"https:\/\/ludces.com.br\/wp-content\/uploads\/2023\/05\/retratofeminino_riodejaneiro_ludces-113-edited.jpg\" data-object-fit=\"cover\" srcset=\"https:\/\/ludces.com.br\/wp-content\/uploads\/2023\/05\/retratofeminino_riodejaneiro_ludces-113-edited.jpg 1356w, https:\/\/ludces.com.br\/wp-content\/uploads\/2023\/05\/retratofeminino_riodejaneiro_ludces-113-edited-300x300.jpg 300w, https:\/\/ludces.com.br\/wp-content\/uploads\/2023\/05\/retratofeminino_riodejaneiro_ludces-113-edited-1024x1024.jpg 1024w, https:\/\/ludces.com.br\/wp-content\/uploads\/2023\/05\/retratofeminino_riodejaneiro_ludces-113-edited-150x150.jpg 150w, https:\/\/ludces.com.br\/wp-content\/uploads\/2023\/05\/retratofeminino_riodejaneiro_ludces-113-edited-768x768.jpg 768w\" sizes=\"(max-width: 1356px) 100vw, 1356px\" \/><div class=\"wp-block-cover__inner-container\">\n<p class=\"has-text-align-center has-large-font-size\"><\/p>\n\n\n\n<div class=\"wp-block-uagb-buttons uagb-buttons__outer-wrap uagb-btn__default-btn uagb-btn-tablet__default-btn uagb-btn-mobile__default-btn uagb-block-813fd4d4\"><div class=\"uagb-buttons__wrap uagb-buttons-layout-wrap\">\n<div class=\"wp-block-uagb-buttons-child uagb-buttons__outer-wrap uagb-block-4028a086 wp-block-button\"><div class=\"uagb-button__wrapper\"><a class=\"uagb-buttons-repeater wp-block-button__link has-background\" href=\"\/\/ludces.com.br\/?page_id=1201\" onclick=\"return true;\" rel=\"follow noopener\" target=\"_self\"><div class=\"uagb-button__link\">RETRATO<\/div><\/a><\/div><\/div>\n<\/div><\/div>\n<\/div><\/div>\n<\/div>\n\n\n\n<div class=\"wp-block-uagb-container uagb-block-f1bd4cdc\">\n<div class=\"wp-block-cover aligncenter\"><span aria-hidden=\"true\" class=\"wp-block-cover__background has-background-dim\"><\/span><img decoding=\"async\" loading=\"lazy\" width=\"2560\" height=\"2560\" class=\"wp-block-cover__image-background wp-image-1095\" alt=\"\" src=\"https:\/\/ludces.com.br\/wp-content\/uploads\/2023\/05\/20221227_162033-edited-1-scaled.jpg\" data-object-fit=\"cover\" srcset=\"https:\/\/ludces.com.br\/wp-content\/uploads\/2023\/05\/20221227_162033-edited-1-scaled.jpg 2560w, https:\/\/ludces.com.br\/wp-content\/uploads\/2023\/05\/20221227_162033-edited-1-300x300.jpg 300w, https:\/\/ludces.com.br\/wp-content\/uploads\/2023\/05\/20221227_162033-edited-1-1024x1024.jpg 1024w, https:\/\/ludces.com.br\/wp-content\/uploads\/2023\/05\/20221227_162033-edited-1-150x150.jpg 150w, https:\/\/ludces.com.br\/wp-content\/uploads\/2023\/05\/20221227_162033-edited-1-768x768.jpg 768w, https:\/\/ludces.com.br\/wp-content\/uploads\/2023\/05\/20221227_162033-edited-1-1536x1536.jpg 1536w, https:\/\/ludces.com.br\/wp-content\/uploads\/2023\/05\/20221227_162033-edited-1-2048x2048.jpg 2048w\" sizes=\"(max-width: 2560px) 100vw, 2560px\" \/><div class=\"wp-block-cover__inner-container\">\n<p class=\"has-text-align-center has-large-font-size\"><\/p>\n\n\n\n<div class=\"wp-block-uagb-buttons uagb-buttons__outer-wrap uagb-btn__default-btn uagb-btn-tablet__default-btn uagb-btn-mobile__default-btn uagb-block-369537f6\"><div class=\"uagb-buttons__wrap uagb-buttons-layout-wrap\">\n<div class=\"wp-block-uagb-buttons-child uagb-buttons__outer-wrap uagb-block-2155aa89 wp-block-button\"><div class=\"uagb-button__wrapper\"><a class=\"uagb-buttons-repeater wp-block-button__link has-background\" href=\"\/\/ludces.com.br\/?page_id=1204\" onclick=\"return true;\" rel=\"follow noopener\" target=\"_self\"><div class=\"uagb-button__link\">\u00c1LBUNS<\/div><\/a><\/div><\/div>\n<\/div><\/div>\n<\/div><\/div>\n<\/div>\n<\/div><\/div>\n\n\n\n<div style=\"height:47px\" aria-hidden=\"true\" class=\"wp-block-spacer\"><\/div>\n\n\n\n<div class=\"wp-block-cover alignfull\"><span aria-hidden=\"true\" class=\"wp-block-cover__background has-background-dim\"><\/span><img decoding=\"async\" loading=\"lazy\" width=\"1024\" height=\"683\" class=\"wp-block-cover__image-background wp-image-1026\" alt=\"\" src=\"https:\/\/ludces.com.br\/wp-content\/uploads\/2023\/05\/rejanepro_jun2022_ludcesfotografia-120.jpg\" style=\"object-position:51% 84%\" data-object-fit=\"cover\" data-object-position=\"51% 84%\" srcset=\"https:\/\/ludces.com.br\/wp-content\/uploads\/2023\/05\/rejanepro_jun2022_ludcesfotografia-120.jpg 1024w, https:\/\/ludces.com.br\/wp-content\/uploads\/2023\/05\/rejanepro_jun2022_ludcesfotografia-120-300x200.jpg 300w, https:\/\/ludces.com.br\/wp-content\/uploads\/2023\/05\/rejanepro_jun2022_ludcesfotografia-120-768x512.jpg 768w\" sizes=\"(max-width: 1024px) 100vw, 1024px\" \/><div class=\"wp-block-cover__inner-container\">\n<div class=\"wp-block-uagb-marketing-button uagb-marketing-btn__align-center uagb-marketing-btn__align-text-center uagb-marketing-btn__icon-after uagb-block-ad4665db wp-block-button\"><a href=\"\/\/ludces.com.br\/?page_id=1218\" class=\"uagb-marketing-btn__link wp-block-button__link\" target=\"_blank\" rel=\"noopener noreferrer\"><h2 class=\"uagb-marketing-btn__title\">mOTIVOS PARA FAZER UM ENSAIO FOTOGR\u00c1FICO<\/h2><svg xmlns=\"https:\/\/www.w3.org\/2000\/svg\" viewBox=\"0 0 512 512\"><path d=\"M384 320c-17.67 0-32 14.33-32 32v96H64V160h96c17.67 0 32-14.32 32-32s-14.33-32-32-32L64 96c-35.35 0-64 28.65-64 64V448c0 35.34 28.65 64 64 64h288c35.35 0 64-28.66 64-64v-96C416 334.3 401.7 320 384 320zM488 0H352c-12.94 0-24.62 7.797-29.56 19.75c-4.969 11.97-2.219 25.72 6.938 34.88L370.8 96L169.4 297.4c-12.5 12.5-12.5 32.75 0 45.25C175.6 348.9 183.8 352 192 352s16.38-3.125 22.62-9.375L416 141.3l41.38 41.38c9.156 9.141 22.88 11.84 34.88 6.938C504.2 184.6 512 172.9 512 160V24C512 10.74 501.3 0 488 0z\"><\/path><\/svg><p class=\"uagb-marketing-btn__prefix\">Clique aqui e descubra porque voc\u00ea precisa fazer um ensaio! <\/p><\/a><\/div>\n<\/div><\/div>\n\n\n\n<div style=\"height:72px\" aria-hidden=\"true\" class=\"wp-block-spacer\"><\/div>\n\n\n\n<p class=\"has-text-align-center has-text-color\" style=\"color:#8b68ae;padding-top:0;padding-right:0;padding-bottom:0;padding-left:0;font-size:27px\"><strong>Depoimentos<\/strong><\/p>\n\n\n\n<hr class=\"wp-block-separator has-text-color has-alpha-channel-opacity has-background\" style=\"background-color:#a57fc6;color:#a57fc6\"\/>\n\n\n\n<div class=\"wp-block-uagb-testimonial uagb-slick-carousel uagb-tm__arrow-outside uagb-block-18f4c8a7\"><div class=\"is-carousel uagb-tm__columns-1 uagb-tm__items\"><div class=\"uagb-testimonial__wrap  uagb-tm__imgicon-style-circle uagb-tm__image-position-bottom uagb-tm__bg-type-color \"><div class=\"uagb-tm__content\"><div class=\"uagb-tm__overlay\"><\/div><div class=\"uagb-tm__text-wrap\"><div class=\"uagb-tm__desc\">&#8221;Oiii, Lud! Tudo bem? J\u00e1 recebi as fotos que enviou e estou simplesmente apaixonada por todas elas, de verdade!<br>Nunca deixo de me encantar com o resultado! J\u00e1 est\u00e1 no meu perfil das redes sociais, em breve come\u00e7ar\u00e1 a chuva de postagens no Instagram! <br>Obrigada pelo carinho com nossa fam\u00edlia e por aceitar ser nossa fot\u00f3grafa oficial!<br>Amamos seu trabalho! Tamb\u00e9m j\u00e1 estou ansiosa pelo ensaio de seis meses, ao ar livre e com direito a frutinhas, se Deus quiser!&#8221;<\/div><div class=\"uagb-tm__meta-inner\"><div class=\"uagb-tm__image-content\"><div class=\"uagb-tm__image\"><img decoding=\"async\" class=\"uagb-tm-img-src\" src=\"https:\/\/ludces.com.br\/wp-content\/uploads\/2023\/05\/antonio01ano_ludcesfotografia-57-150x150.jpg\" alt=\"\" width=\"69\" height=\"69\" loading=\"lazy\"\/><\/div><\/div><div class=\"uagb-testimonial-details\"><span class=\"uagb-tm__author-name\">Anna Carolina <\/span><span class=\"uagb-tm__company\"><\/span><\/div><\/div><\/div><\/div><\/div><div class=\"uagb-testimonial__wrap  uagb-tm__imgicon-style-circle uagb-tm__image-position-bottom uagb-tm__bg-type-color \"><div class=\"uagb-tm__content\"><div class=\"uagb-tm__overlay\"><\/div><div class=\"uagb-tm__text-wrap\"><div class=\"uagb-tm__desc\">&#8221;Esse ensaio ficou a minha cara e eu fiz quest\u00e3o de fazer com a @ludcesfotografia pq al\u00e9m de<br>amiga ela \u00e9 uma \u00f3tima profissional que eu indico muito! Ela fez meu ensaio com o Bruno na nossa casa e n\u00e3o podia confiar essa tarefa a outra pessoa que n\u00e3o fosse ela\u2026&#8221;<\/div><div class=\"uagb-tm__meta-inner\"><div class=\"uagb-tm__image-content\"><div class=\"uagb-tm__image\"><img decoding=\"async\" class=\"uagb-tm-img-src\" src=\"https:\/\/ludces.com.br\/wp-content\/uploads\/2023\/05\/gabipro_ago2022_ludcesfotografia-124-150x150.jpg\" alt=\"\" width=\"69\" height=\"69\" loading=\"lazy\"\/><\/div><\/div><div class=\"uagb-testimonial-details\"><span class=\"uagb-tm__author-name\">Gabriella Salles <\/span><span class=\"uagb-tm__company\"><\/span><\/div><\/div><\/div><\/div><\/div><div class=\"uagb-testimonial__wrap  uagb-tm__imgicon-style-circle uagb-tm__image-position-bottom uagb-tm__bg-type-color \"><div class=\"uagb-tm__content\"><div class=\"uagb-tm__overlay\"><\/div><div class=\"uagb-tm__text-wrap\"><div class=\"uagb-tm__desc\">&#8221; As fotos chegaram e estou aqui babando!!!&#8221;<\/div><div class=\"uagb-tm__meta-inner\"><div class=\"uagb-tm__image-content\"><div class=\"uagb-tm__image\"><img decoding=\"async\" class=\"uagb-tm-img-src\" src=\"https:\/\/ludces.com.br\/wp-content\/uploads\/2023\/05\/rejanepro_jun2022_ludcesfotografia-165-150x150.jpg\" alt=\"\" width=\"69\" height=\"69\" loading=\"lazy\"\/><\/div><\/div><div class=\"uagb-testimonial-details\"><span class=\"uagb-tm__author-name\">Rejane Celi <\/span><span class=\"uagb-tm__company\"><\/span><\/div><\/div><\/div><\/div><\/div><\/div><\/div>\n\n\n\n<div style=\"height:63px\" aria-hidden=\"true\" class=\"wp-block-spacer\"><\/div>\n\n\n\n<div class=\"wp-block-uagb-call-to-action uagb-block-2f42f137 wp-block-button\"><div class=\"uagb-cta__wrap\"><h2 class=\"uagb-cta__title\">Ficou com alguma d\u00favida?<\/h2><p class=\"uagb-cta__desc\">Me manda uma mensagem e vamos conversar sobre as suas mem\u00f3rias.<\/p><\/div><div class=\"uagb-cta__buttons\"><a href=\"#\" class=\"uagb-cta__button-link-wrapper wp-block-button__link\" target=\"_self\" rel=\"noopener noreferrer\">iNSTRAGRAM<svg xmlns=\"https:\/\/www.w3.org\/2000\/svg\" viewBox=\"0 0 512 512\"><path d=\"M504.3 273.6l-112.1 104c-6.992 6.484-17.18 8.218-25.94 4.406c-8.758-3.812-14.42-12.45-14.42-21.1L351.9 288H32C14.33 288 .0002 273.7 .0002 255.1S14.33 224 32 224h319.9l0-72c0-9.547 5.66-18.19 14.42-22c8.754-3.809 18.95-2.075 25.94 4.41l112.1 104C514.6 247.9 514.6 264.1 504.3 273.6z\"><\/path><\/svg><\/a><\/div><\/div>\n\n\n\n<div style=\"height:215px\" aria-hidden=\"true\" class=\"wp-block-spacer\"><\/div>\n","protected":false},"excerpt":{"rendered":"<p>PRAZER, EU SOU A LUD! Fot\u00f3grafa de fam\u00edlia, retratos e eventos com est\u00e9tica lifestyle (estilo de vida), aquelas imagens que sa\u00edram direto do seu sonho sobre os momentos mais legais da sua vida. As risadas lindas do beb\u00ea, olhares apaixonados, gestantes reluzentes e dar aquele boom na auto estima de quem quiser se aventurar comigo. &hellip;<\/p>\n<p class=\"read-more\"> <a class=\"\" href=\"https:\/\/ludces.com.br\/\"> <span class=\"screen-reader-text\">home<\/span> Read More &raquo;<\/a><\/p>\n","protected":false},"author":1,"featured_media":0,"parent":0,"menu_order":0,"comment_status":"closed","ping_status":"closed","template":"","meta":{"_uag_custom_page_level_css":"","site-sidebar-layout":"default","site-content-layout":"default","ast-global-header-display":"","ast-banner-title-visibility":"","ast-main-header-display":"","ast-hfb-above-header-display":"","ast-hfb-below-header-display":"","ast-hfb-mobile-header-display":"","site-post-title":"disabled","ast-breadcrumbs-content":"","ast-featured-img":"","footer-sml-layout":"","theme-transparent-header-meta":"","adv-header-id-meta":"","stick-header-meta":"","header-above-stick-meta":"","header-main-stick-meta":"","header-below-stick-meta":""},"uagb_featured_image_src":{"full":false,"thumbnail":false,"medium":false,"medium_large":false,"large":false,"1536x1536":false,"2048x2048":false},"uagb_author_info":{"display_name":"erikawerneckb@gmail.com","author_link":"https:\/\/ludces.com.br\/?author=1"},"uagb_comment_info":0,"uagb_excerpt":"PRAZER, EU SOU A LUD! Fot\u00f3grafa de fam\u00edlia, retratos e eventos com est\u00e9tica lifestyle (estilo de vida), aquelas imagens que sa\u00edram direto do seu sonho sobre os momentos mais legais da sua vida. As risadas lindas do beb\u00ea, olhares apaixonados, gestantes reluzentes e dar aquele boom na auto estima de quem quiser se aventurar comigo.&hellip;","_links":{"self":[{"href":"https:\/\/ludces.com.br\/index.php?rest_route=\/wp\/v2\/pages\/899"}],"collection":[{"href":"https:\/\/ludces.com.br\/index.php?rest_route=\/wp\/v2\/pages"}],"about":[{"href":"https:\/\/ludces.com.br\/index.php?rest_route=\/wp\/v2\/types\/page"}],"author":[{"embeddable":true,"href":"https:\/\/ludces.com.br\/index.php?rest_route=\/wp\/v2\/users\/1"}],"replies":[{"embeddable":true,"href":"https:\/\/ludces.com.br\/index.php?rest_route=%2Fwp%2Fv2%2Fcomments&post=899"}],"version-history":[{"count":49,"href":"https:\/\/ludces.com.br\/index.php?rest_route=\/wp\/v2\/pages\/899\/revisions"}],"predecessor-version":[{"id":1226,"href":"https:\/\/ludces.com.br\/index.php?rest_route=\/wp\/v2\/pages\/899\/revisions\/1226"}],"wp:attachment":[{"href":"https:\/\/ludces.com.br\/index.php?rest_route=%2Fwp%2Fv2%2Fmedia&parent=899"}],"curies":[{"name":"wp","href":"https:\/\/api.w.org\/{rel}","templated":true}]}}