{"id":1218,"date":"2023-05-19T23:07:09","date_gmt":"2023-05-20T02:07:09","guid":{"rendered":"http:\/\/ludces.com.br\/?page_id=1218"},"modified":"2023-05-19T23:10:42","modified_gmt":"2023-05-20T02:10:42","slug":"motivos-para-fazer-um-ensaio","status":"publish","type":"page","link":"https:\/\/ludces.com.br\/?page_id=1218","title":{"rendered":"Motivos para fazer um ensaio"},"content":{"rendered":"\n<div class=\"wp-block-cover alignfull\"><span aria-hidden=\"true\" class=\"wp-block-cover__background has-background-dim\"><\/span><img decoding=\"async\" loading=\"lazy\" width=\"1024\" height=\"683\" class=\"wp-block-cover__image-background wp-image-1026\" alt=\"\" src=\"https:\/\/ludces.com.br\/wp-content\/uploads\/2023\/05\/rejanepro_jun2022_ludcesfotografia-120.jpg\" data-object-fit=\"cover\" srcset=\"https:\/\/ludces.com.br\/wp-content\/uploads\/2023\/05\/rejanepro_jun2022_ludcesfotografia-120.jpg 1024w, https:\/\/ludces.com.br\/wp-content\/uploads\/2023\/05\/rejanepro_jun2022_ludcesfotografia-120-300x200.jpg 300w, https:\/\/ludces.com.br\/wp-content\/uploads\/2023\/05\/rejanepro_jun2022_ludcesfotografia-120-768x512.jpg 768w\" sizes=\"(max-width: 1024px) 100vw, 1024px\" \/><div class=\"wp-block-cover__inner-container\">\n<h1 class=\"wp-block-heading has-text-align-center has-x-large-font-size\" style=\"text-transform:none\">Motivos para fazer um ensaio fotogr\u00e1fico<\/h1>\n\n\n\n<div class=\"wp-block-uagb-icon uagb-block-04652107 uagb-icon-wrapper\"><span class=\"uagb-svg-wrapper\"><svg xmlns=\"https:\/\/www.w3.org\/2000\/svg\" viewBox=\"0 0 512 512\"><path d=\"M194.6 32H317.4C338.1 32 356.4 45.22 362.9 64.82L373.3 96H448C483.3 96 512 124.7 512 160V416C512 451.3 483.3 480 448 480H64C28.65 480 0 451.3 0 416V160C0 124.7 28.65 96 64 96H138.7L149.1 64.82C155.6 45.22 173.9 32 194.6 32H194.6zM256 384C309 384 352 341 352 288C352 234.1 309 192 256 192C202.1 192 160 234.1 160 288C160 341 202.1 384 256 384z\"><\/path><\/svg><\/span><\/div>\n<\/div><\/div>\n\n\n\n<div style=\"height:36px\" aria-hidden=\"true\" class=\"wp-block-spacer\"><\/div>\n\n\n\n<h2 class=\"wp-block-heading alignwide has-text-align-center has-ast-global-color-3-color has-text-color has-medium-font-size\" style=\"font-style:normal;font-weight:300\">Ensaios fotogr\u00e1ficos n\u00e3o s\u00e3o feitos apenas para editorias de moda e para modelos profissionais, eles s\u00e3o para TODOS N\u00d3S. Como nem todo mundo pensa assim, resolvi separar algumas raz\u00f5es para voc\u00ea se animar e viver essa experi\u00eancia \u00fanica.<\/h2>\n\n\n\n<div style=\"height:30px\" aria-hidden=\"true\" class=\"wp-block-spacer\"><\/div>\n\n\n\n<div class=\"wp-block-media-text alignwide is-stacked-on-mobile\" style=\"grid-template-columns:30% auto\"><figure class=\"wp-block-media-text__media\"><img decoding=\"async\" loading=\"lazy\" width=\"1024\" height=\"683\" src=\"https:\/\/ludces.com.br\/wp-content\/uploads\/2023\/05\/esperadeLaura_ludcesfotografia_jan2023-179.jpg\" alt=\"\" class=\"wp-image-1052 size-full\" srcset=\"https:\/\/ludces.com.br\/wp-content\/uploads\/2023\/05\/esperadeLaura_ludcesfotografia_jan2023-179.jpg 1024w, https:\/\/ludces.com.br\/wp-content\/uploads\/2023\/05\/esperadeLaura_ludcesfotografia_jan2023-179-300x200.jpg 300w, https:\/\/ludces.com.br\/wp-content\/uploads\/2023\/05\/esperadeLaura_ludcesfotografia_jan2023-179-768x512.jpg 768w\" sizes=\"(max-width: 1024px) 100vw, 1024px\" \/><\/figure><div class=\"wp-block-media-text__content\">\n<p><strong>COMEMORAR<\/strong> \u2013 \u00c9 a raz\u00e3o mais comum e mais conhecida.<br>Seja um anivers\u00e1rio, casamento, batizado, uma conquista ou qualquer coisa importante para voc\u00ea. Voc\u00ea pode utilizar as fotos do ensaio na decora\u00e7\u00e3o da festa, para atualizar suas redes sociais e ou para renovar as fotos dos porta-retratos de casa.<\/p>\n<\/div><\/div>\n\n\n\n<div class=\"wp-block-media-text alignwide has-media-on-the-right is-stacked-on-mobile\" style=\"grid-template-columns:auto 30%\"><div class=\"wp-block-media-text__content\">\n<p><strong>CELEBRAR O COTIDIANO <\/strong>\u2013 Estamos muito acostumados a comemorar grandes acontecimentos, mas na verdade o dia a dia tamb\u00e9m \u00e9 muito importante, afinal sem ele nenhum desse grandes eventos aconteceria. J\u00e1 pensou em abrir um \u00e1lbum daqui h\u00e1 alguns anos e relembrar essa faze da sua vida que incr\u00edvel que seria?<\/p>\n<\/div><figure class=\"wp-block-media-text__media\"><img decoding=\"async\" loading=\"lazy\" width=\"1024\" height=\"732\" src=\"https:\/\/ludces.com.br\/wp-content\/uploads\/2023\/05\/familia02-1024x732.jpg\" alt=\"\" class=\"wp-image-1195 size-full\" srcset=\"https:\/\/ludces.com.br\/wp-content\/uploads\/2023\/05\/familia02-1024x732.jpg 1024w, https:\/\/ludces.com.br\/wp-content\/uploads\/2023\/05\/familia02-300x214.jpg 300w, https:\/\/ludces.com.br\/wp-content\/uploads\/2023\/05\/familia02-768x549.jpg 768w, https:\/\/ludces.com.br\/wp-content\/uploads\/2023\/05\/familia02-1536x1097.jpg 1536w, https:\/\/ludces.com.br\/wp-content\/uploads\/2023\/05\/familia02-2048x1463.jpg 2048w\" sizes=\"(max-width: 1024px) 100vw, 1024px\" \/><\/figure><\/div>\n\n\n\n<div class=\"wp-block-media-text alignwide is-stacked-on-mobile\" style=\"grid-template-columns:30% auto\"><figure class=\"wp-block-media-text__media\"><img decoding=\"async\" loading=\"lazy\" width=\"1024\" height=\"683\" src=\"https:\/\/ludces.com.br\/wp-content\/uploads\/2023\/05\/diadechuva_marco2021_ludcesfotografia-123.jpg\" alt=\"\" class=\"wp-image-970 size-full\" srcset=\"https:\/\/ludces.com.br\/wp-content\/uploads\/2023\/05\/diadechuva_marco2021_ludcesfotografia-123.jpg 1024w, https:\/\/ludces.com.br\/wp-content\/uploads\/2023\/05\/diadechuva_marco2021_ludcesfotografia-123-300x200.jpg 300w, https:\/\/ludces.com.br\/wp-content\/uploads\/2023\/05\/diadechuva_marco2021_ludcesfotografia-123-768x512.jpg 768w\" sizes=\"(max-width: 1024px) 100vw, 1024px\" \/><\/figure><div class=\"wp-block-media-text__content\">\n<p><strong>SE VER COM OUTROS OLHOS<\/strong> \u2013 Um ensaio pode fazer voc\u00ea se enxergar de outra forma, cada ensaio \u00e9 \u00fanico e especial. Se ver atrav\u00e9s dos olhos de outra pessoa pode ser uma descoberta sensacional e isso nos leva ao pr\u00f3ximo t\u00f3pico.<\/p>\n<\/div><\/div>\n\n\n\n<div class=\"wp-block-media-text alignwide has-media-on-the-right is-stacked-on-mobile\" style=\"grid-template-columns:auto 30%\"><div class=\"wp-block-media-text__content\">\n<p><strong>AUTOESTIMA<\/strong> \u2013 Na hora do ensaio, ao ver as fotos na tela da c\u00e2mera, tudo muda. \u00c9 aquele momento que voc\u00ea pensa \u201cNossa! N\u00e3o \u00e9 que eu t\u00f4 gata(o)?\u201d Isso \u00e9 a sua autoestima dando um BOOM e recuperando a confian\u00e7a em voc\u00ea mesmo. Ent\u00e3o se voc\u00ea est\u00e1 se sentindo com baixa autoestima, esse momento \u00e9 seu!<\/p>\n<\/div><figure class=\"wp-block-media-text__media\"><img decoding=\"async\" loading=\"lazy\" width=\"1024\" height=\"683\" src=\"https:\/\/ludces.com.br\/wp-content\/uploads\/2023\/05\/retratofeminino_riodejaneiro_ludces-112-1024x683.jpg\" alt=\"\" class=\"wp-image-1076 size-full\" srcset=\"https:\/\/ludces.com.br\/wp-content\/uploads\/2023\/05\/retratofeminino_riodejaneiro_ludces-112-1024x683.jpg 1024w, https:\/\/ludces.com.br\/wp-content\/uploads\/2023\/05\/retratofeminino_riodejaneiro_ludces-112-300x200.jpg 300w, https:\/\/ludces.com.br\/wp-content\/uploads\/2023\/05\/retratofeminino_riodejaneiro_ludces-112-768x512.jpg 768w, https:\/\/ludces.com.br\/wp-content\/uploads\/2023\/05\/retratofeminino_riodejaneiro_ludces-112-1536x1024.jpg 1536w, https:\/\/ludces.com.br\/wp-content\/uploads\/2023\/05\/retratofeminino_riodejaneiro_ludces-112.jpg 2048w\" sizes=\"(max-width: 1024px) 100vw, 1024px\" \/><\/figure><\/div>\n\n\n\n<div class=\"wp-block-media-text alignwide is-stacked-on-mobile\" style=\"grid-template-columns:30% auto\"><figure class=\"wp-block-media-text__media\"><img decoding=\"async\" loading=\"lazy\" width=\"1024\" height=\"683\" src=\"https:\/\/ludces.com.br\/wp-content\/uploads\/2023\/05\/casamentoliviadiego-ludcesfotografia-2022-389-1024x683.jpg\" alt=\"\" class=\"wp-image-1084 size-full\" srcset=\"https:\/\/ludces.com.br\/wp-content\/uploads\/2023\/05\/casamentoliviadiego-ludcesfotografia-2022-389-1024x683.jpg 1024w, https:\/\/ludces.com.br\/wp-content\/uploads\/2023\/05\/casamentoliviadiego-ludcesfotografia-2022-389-300x200.jpg 300w, https:\/\/ludces.com.br\/wp-content\/uploads\/2023\/05\/casamentoliviadiego-ludcesfotografia-2022-389-768x512.jpg 768w, https:\/\/ludces.com.br\/wp-content\/uploads\/2023\/05\/casamentoliviadiego-ludcesfotografia-2022-389-1536x1024.jpg 1536w, https:\/\/ludces.com.br\/wp-content\/uploads\/2023\/05\/casamentoliviadiego-ludcesfotografia-2022-389-2048x1366.jpg 2048w\" sizes=\"(max-width: 1024px) 100vw, 1024px\" \/><\/figure><div class=\"wp-block-media-text__content\">\n<p><strong>FIM \/ COME\u00c7O \u2013 <\/strong>Quando encerramos ou iniciamos um novo ciclo tudo \u00e9 novo, tudo muda. Esse \u00e9 um \u00f3timo momento para fazer um ensaio fotogr\u00e1fico, pois voc\u00ea ter\u00e1 um registro dessa fase e ir\u00e1 poder se lembrar de todas as conquistas depois de alguns anos.<\/p>\n<\/div><\/div>\n\n\n\n<div class=\"wp-block-media-text alignwide has-media-on-the-right is-stacked-on-mobile\" style=\"grid-template-columns:auto 30%\"><div class=\"wp-block-media-text__content\">\n<p><strong>NOVA EXPERI\u00caNCIA <\/strong>\u2013 Quando foi a \u00faltima vez que voc\u00ea fez alguma coisa pela primeira vez? Se arrisque! N\u00e3o tem problema se voc\u00ea \u00e9 t\u00edmido, se acha que n\u00e3o saber fazer poses, se acha que n\u00e3o \u00e9 fotog\u00eanico. Eu vou te ajudar nesse processo e tenho certeza que voc\u00ea vai amar essa nova experi\u00eancia. \u00c9 algo transformador poder se aventurar por algo que voc\u00ea nunca fez.<\/p>\n<\/div><figure class=\"wp-block-media-text__media\"><img decoding=\"async\" loading=\"lazy\" width=\"1024\" height=\"731\" src=\"https:\/\/ludces.com.br\/wp-content\/uploads\/2023\/05\/retratofeminino_riodejaneiro_ludces-100-1024x731.jpg\" alt=\"\" class=\"wp-image-1073 size-full\" srcset=\"https:\/\/ludces.com.br\/wp-content\/uploads\/2023\/05\/retratofeminino_riodejaneiro_ludces-100-1024x731.jpg 1024w, https:\/\/ludces.com.br\/wp-content\/uploads\/2023\/05\/retratofeminino_riodejaneiro_ludces-100-300x214.jpg 300w, https:\/\/ludces.com.br\/wp-content\/uploads\/2023\/05\/retratofeminino_riodejaneiro_ludces-100-768x548.jpg 768w, https:\/\/ludces.com.br\/wp-content\/uploads\/2023\/05\/retratofeminino_riodejaneiro_ludces-100-1536x1097.jpg 1536w, https:\/\/ludces.com.br\/wp-content\/uploads\/2023\/05\/retratofeminino_riodejaneiro_ludces-100.jpg 2048w\" sizes=\"(max-width: 1024px) 100vw, 1024px\" \/><\/figure><\/div>\n\n\n\n<div class=\"wp-block-media-text alignwide is-stacked-on-mobile\" style=\"grid-template-columns:30% auto\"><figure class=\"wp-block-media-text__media\"><img decoding=\"async\" loading=\"lazy\" width=\"1024\" height=\"683\" src=\"https:\/\/ludces.com.br\/wp-content\/uploads\/2023\/05\/Bia-Baixa-119-1024x683.jpg\" alt=\"\" class=\"wp-image-964 size-full\" srcset=\"https:\/\/ludces.com.br\/wp-content\/uploads\/2023\/05\/Bia-Baixa-119-1024x683.jpg 1024w, https:\/\/ludces.com.br\/wp-content\/uploads\/2023\/05\/Bia-Baixa-119-300x200.jpg 300w, https:\/\/ludces.com.br\/wp-content\/uploads\/2023\/05\/Bia-Baixa-119-768x512.jpg 768w, https:\/\/ludces.com.br\/wp-content\/uploads\/2023\/05\/Bia-Baixa-119-1536x1024.jpg 1536w, https:\/\/ludces.com.br\/wp-content\/uploads\/2023\/05\/Bia-Baixa-119-2048x1365.jpg 2048w\" sizes=\"(max-width: 1024px) 100vw, 1024px\" \/><\/figure><div class=\"wp-block-media-text__content\">\n<p><strong>MOMENTO PARA VOC\u00ca \u2013<\/strong> Muitas vezes n\u00e3o conseguimos tirar um momento s\u00f3 para a gente na correria que pode ser nossas vidas, j\u00e1 pensou em tirar uma tarde para se arrumar, passear, aproveitar a cidade a ainda ter fotos lindas desse momento? Um ensaio fotogr\u00e1fico \u00e9 tudo isso!<\/p>\n<\/div><\/div>\n\n\n\n<div style=\"height:108px\" aria-hidden=\"true\" class=\"wp-block-spacer\"><\/div>\n\n\n\n<h2 class=\"wp-block-heading has-text-align-center has-ast-global-color-3-color has-text-color has-medium-font-size\">Se esses motivos ainda n\u00e3o foram suficientes eu vou te contar o meu preferido, fotografia mexe com a gente.<\/h2>\n\n\n\n<p>Ao olhar uma foto n\u00f3s ficamos emocionados de alguma forma, seja por ela nos lembrar de algu\u00e9m, por nos causar desejo de conhecer algum lugar, por trazer sentimentos que vivenciamos no passado, \u00e9 algo quase inexplic\u00e1vel. Que tal guardar seus melhores momentos para revisitar daqui h\u00e1 alguns anos?<\/p>\n\n\n\n<div class=\"wp-block-uagb-icon uagb-block-a711e28d uagb-icon-wrapper\"><span class=\"uagb-svg-wrapper\"><svg xmlns=\"https:\/\/www.w3.org\/2000\/svg\" viewBox=\"0 0 512 512\"><path d=\"M0 190.9V185.1C0 115.2 50.52 55.58 119.4 44.1C164.1 36.51 211.4 51.37 244 84.02L256 96L267.1 84.02C300.6 51.37 347 36.51 392.6 44.1C461.5 55.58 512 115.2 512 185.1V190.9C512 232.4 494.8 272.1 464.4 300.4L283.7 469.1C276.2 476.1 266.3 480 256 480C245.7 480 235.8 476.1 228.3 469.1L47.59 300.4C17.23 272.1 .0003 232.4 .0003 190.9L0 190.9z\"><\/path><\/svg><\/span><\/div>\n\n\n\n<div style=\"height:53px\" aria-hidden=\"true\" class=\"wp-block-spacer\"><\/div>\n\n\n\n<div class=\"wp-block-buttons is-content-justification-center is-layout-flex wp-container-1\">\n<div class=\"wp-block-button has-custom-width wp-block-button__width-75\"><a class=\"wp-block-button__link has-background wp-element-button\" href=\"https:\/\/ludces.com.br\" style=\"background-color:#9266cc\">voltar a home<\/a><\/div>\n<\/div>\n\n\n\n<div style=\"height:188px\" aria-hidden=\"true\" class=\"wp-block-spacer\"><\/div>\n","protected":false},"excerpt":{"rendered":"<p>Ensaios fotogr\u00e1ficos n\u00e3o s\u00e3o feitos apenas para editorias de moda e para modelos profissionais, eles s\u00e3o para TODOS N\u00d3S. Como nem todo mundo pensa assim, resolvi separar algumas raz\u00f5es para voc\u00ea se animar e viver essa experi\u00eancia \u00fanica. COMEMORAR \u2013 \u00c9 a raz\u00e3o mais comum e mais conhecida.Seja um anivers\u00e1rio, casamento, batizado, uma conquista ou &hellip;<\/p>\n<p class=\"read-more\"> <a class=\"\" href=\"https:\/\/ludces.com.br\/?page_id=1218\"> <span class=\"screen-reader-text\">Motivos para fazer um ensaio<\/span> Read More &raquo;<\/a><\/p>\n","protected":false},"author":1,"featured_media":0,"parent":0,"menu_order":0,"comment_status":"closed","ping_status":"closed","template":"","meta":{"_uag_custom_page_level_css":"","site-sidebar-layout":"default","site-content-layout":"default","ast-global-header-display":"","ast-banner-title-visibility":"","ast-main-header-display":"","ast-hfb-above-header-display":"","ast-hfb-below-header-display":"","ast-hfb-mobile-header-display":"","site-post-title":"disabled","ast-breadcrumbs-content":"","ast-featured-img":"","footer-sml-layout":"","theme-transparent-header-meta":"","adv-header-id-meta":"","stick-header-meta":"","header-above-stick-meta":"","header-main-stick-meta":"","header-below-stick-meta":""},"uagb_featured_image_src":{"full":false,"thumbnail":false,"medium":false,"medium_large":false,"large":false,"1536x1536":false,"2048x2048":false},"uagb_author_info":{"display_name":"erikawerneckb@gmail.com","author_link":"https:\/\/ludces.com.br\/?author=1"},"uagb_comment_info":0,"uagb_excerpt":"Ensaios fotogr\u00e1ficos n\u00e3o s\u00e3o feitos apenas para editorias de moda e para modelos profissionais, eles s\u00e3o para TODOS N\u00d3S. Como nem todo mundo pensa assim, resolvi separar algumas raz\u00f5es para voc\u00ea se animar e viver essa experi\u00eancia \u00fanica. COMEMORAR \u2013 \u00c9 a raz\u00e3o mais comum e mais conhecida.Seja um anivers\u00e1rio, casamento, batizado, uma conquista ou&hellip;","_links":{"self":[{"href":"https:\/\/ludces.com.br\/index.php?rest_route=\/wp\/v2\/pages\/1218"}],"collection":[{"href":"https:\/\/ludces.com.br\/index.php?rest_route=\/wp\/v2\/pages"}],"about":[{"href":"https:\/\/ludces.com.br\/index.php?rest_route=\/wp\/v2\/types\/page"}],"author":[{"embeddable":true,"href":"https:\/\/ludces.com.br\/index.php?rest_route=\/wp\/v2\/users\/1"}],"replies":[{"embeddable":true,"href":"https:\/\/ludces.com.br\/index.php?rest_route=%2Fwp%2Fv2%2Fcomments&post=1218"}],"version-history":[{"count":2,"href":"https:\/\/ludces.com.br\/index.php?rest_route=\/wp\/v2\/pages\/1218\/revisions"}],"predecessor-version":[{"id":1222,"href":"https:\/\/ludces.com.br\/index.php?rest_route=\/wp\/v2\/pages\/1218\/revisions\/1222"}],"wp:attachment":[{"href":"https:\/\/ludces.com.br\/index.php?rest_route=%2Fwp%2Fv2%2Fmedia&parent=1218"}],"curies":[{"name":"wp","href":"https:\/\/api.w.org\/{rel}","templated":true}]}}