{"id":1204,"date":"2023-05-19T22:24:57","date_gmt":"2023-05-20T01:24:57","guid":{"rendered":"http:\/\/ludces.com.br\/?page_id=1204"},"modified":"2023-05-19T23:51:43","modified_gmt":"2023-05-20T02:51:43","slug":"albuns","status":"publish","type":"page","link":"https:\/\/ludces.com.br\/?page_id=1204","title":{"rendered":"\u00e1lbuns"},"content":{"rendered":"\n<div class=\"wp-block-cover alignfull\" style=\"min-height:624px\"><span aria-hidden=\"true\" class=\"wp-block-cover__background has-background-dim\"><\/span><img decoding=\"async\" loading=\"lazy\" width=\"2560\" height=\"1920\" class=\"wp-block-cover__image-background wp-image-1078\" alt=\"\" src=\"https:\/\/ludces.com.br\/wp-content\/uploads\/2023\/05\/20221227_162033-scaled.jpg\" style=\"object-position:65% 72%\" data-object-fit=\"cover\" data-object-position=\"65% 72%\" srcset=\"https:\/\/ludces.com.br\/wp-content\/uploads\/2023\/05\/20221227_162033-scaled.jpg 2560w, https:\/\/ludces.com.br\/wp-content\/uploads\/2023\/05\/20221227_162033-300x225.jpg 300w, https:\/\/ludces.com.br\/wp-content\/uploads\/2023\/05\/20221227_162033-1024x768.jpg 1024w, https:\/\/ludces.com.br\/wp-content\/uploads\/2023\/05\/20221227_162033-768x576.jpg 768w, https:\/\/ludces.com.br\/wp-content\/uploads\/2023\/05\/20221227_162033-1536x1152.jpg 1536w, https:\/\/ludces.com.br\/wp-content\/uploads\/2023\/05\/20221227_162033-2048x1536.jpg 2048w\" sizes=\"(max-width: 2560px) 100vw, 2560px\" \/><div class=\"wp-block-cover__inner-container\">\n<h1 class=\"wp-block-heading has-text-align-center has-x-large-font-size\">\u00e1lbuns<\/h1>\n\n\n\n<p class=\"has-text-align-center\">Suas lembran\u00e7as sempre \u00e0 m\u00e3o!&nbsp;Nada melhor do que poder acessar essas fotos e lembrar de momentos incr\u00edveis!<\/p>\n<\/div><\/div>\n\n\n\n<div style=\"height:65px\" aria-hidden=\"true\" class=\"wp-block-spacer\"><\/div>\n\n\n\n<div class=\"wp-block-uagb-faq uagb-faq__outer-wrap uagb-block-7718c657 uagb-faq-icon-row-reverse uagb-faq-layout-accordion uagb-faq-expand-first-true uagb-faq-inactive-other-true uagb-faq__wrap uagb-buttons-layout-wrap uagb-faq-equal-height\" data-faqtoggle=\"true\" role=\"tablist\">\n<div class=\"wp-block-uagb-faq-child uagb-faq-child__outer-wrap uagb-faq-item uagb-block-aeb0babc\" role=\"tab\" tabindex=\"0\"><div class=\"uagb-faq-questions-button uagb-faq-questions\"><span class=\"uagb-icon uagb-faq-icon-wrap\"><svg xmlns=\"https:\/\/www.w3.org\/2000\/svg\" viewBox=\"0 0 448 512\"><path d=\"M432 256c0 17.69-14.33 32.01-32 32.01H256v144c0 17.69-14.33 31.99-32 31.99s-32-14.3-32-31.99v-144H48c-17.67 0-32-14.32-32-32.01s14.33-31.99 32-31.99H192v-144c0-17.69 14.33-32.01 32-32.01s32 14.32 32 32.01v144h144C417.7 224 432 238.3 432 256z\"><\/path><\/svg><\/span><span class=\"uagb-icon-active uagb-faq-icon-wrap\"><svg xmlns=\"https:\/\/www.w3.org\/2000\/svg\" viewBox=\"0 0 448 512\"><path d=\"M400 288h-352c-17.69 0-32-14.32-32-32.01s14.31-31.99 32-31.99h352c17.69 0 32 14.3 32 31.99S417.7 288 400 288z\"><\/path><\/svg><\/span><h3 class=\"uagb-question\">S\u00f3 \u00e9 poss\u00edvel fazer \u00e1lbum com fotos profissionais?<\/h3><\/div><p class=\"uagb-faq-content\">Posso fazer \u00e1lbuns com suas fotos mais antigas, com fotos de celular e com as fotos profissionais.<\/p><\/div>\n\n\n\n<div class=\"wp-block-uagb-faq-child uagb-faq-child__outer-wrap uagb-faq-item uagb-block-96867fca\" role=\"tab\" tabindex=\"0\"><div class=\"uagb-faq-questions-button uagb-faq-questions\"><span class=\"uagb-icon uagb-faq-icon-wrap\"><svg xmlns=\"https:\/\/www.w3.org\/2000\/svg\" viewBox=\"0 0 448 512\"><path d=\"M432 256c0 17.69-14.33 32.01-32 32.01H256v144c0 17.69-14.33 31.99-32 31.99s-32-14.3-32-31.99v-144H48c-17.67 0-32-14.32-32-32.01s14.33-31.99 32-31.99H192v-144c0-17.69 14.33-32.01 32-32.01s32 14.32 32 32.01v144h144C417.7 224 432 238.3 432 256z\"><\/path><\/svg><\/span><span class=\"uagb-icon-active uagb-faq-icon-wrap\"><svg xmlns=\"https:\/\/www.w3.org\/2000\/svg\" viewBox=\"0 0 448 512\"><path d=\"M400 288h-352c-17.69 0-32-14.32-32-32.01s14.31-31.99 32-31.99h352c17.69 0 32 14.3 32 31.99S417.7 288 400 288z\"><\/path><\/svg><\/span><h3 class=\"uagb-question\">A capa do \u00e1lbum tem que ser uma foto?<\/h3><\/div><p class=\"uagb-faq-content\">A capa pode ser feita com fotos, montagens ou uma imagem padronizada. N\u00f3s vamos conversar e ver qual o melhor modelo pra voc\u00ea.<\/p><\/div>\n<\/div>\n\n\n\n<div class=\"wp-block-uagb-faq uagb-faq__outer-wrap uagb-block-5fb5dc41 uagb-faq-icon-row-reverse uagb-faq-layout-accordion uagb-faq-expand-first-true uagb-faq-inactive-other-true uagb-faq__wrap uagb-buttons-layout-wrap uagb-faq-equal-height\" data-faqtoggle=\"true\" role=\"tablist\">\n<div class=\"wp-block-uagb-faq-child uagb-faq-child__outer-wrap uagb-faq-item uagb-block-d97a4053\" role=\"tab\" tabindex=\"0\"><div class=\"uagb-faq-questions-button uagb-faq-questions\"><span class=\"uagb-icon uagb-faq-icon-wrap\"><svg xmlns=\"https:\/\/www.w3.org\/2000\/svg\" viewBox=\"0 0 448 512\"><path d=\"M432 256c0 17.69-14.33 32.01-32 32.01H256v144c0 17.69-14.33 31.99-32 31.99s-32-14.3-32-31.99v-144H48c-17.67 0-32-14.32-32-32.01s14.33-31.99 32-31.99H192v-144c0-17.69 14.33-32.01 32-32.01s32 14.32 32 32.01v144h144C417.7 224 432 238.3 432 256z\"><\/path><\/svg><\/span><span class=\"uagb-icon-active uagb-faq-icon-wrap\"><svg xmlns=\"https:\/\/www.w3.org\/2000\/svg\" viewBox=\"0 0 448 512\"><path d=\"M400 288h-352c-17.69 0-32-14.32-32-32.01s14.31-31.99 32-31.99h352c17.69 0 32 14.3 32 31.99S417.7 288 400 288z\"><\/path><\/svg><\/span><h3 class=\"uagb-question\">Todas as fotos do \u00e1lbum ser\u00e3o editadas?<\/h3><\/div><p class=\"uagb-faq-content\">Talvez seja necess\u00e1rio fazer algum ajuste para conseguir uma qualidade melhor para impress\u00e3o. Em outras vezes n\u00e3o, isso vai depender das fotos escolhidas<\/p><\/div>\n\n\n\n<div class=\"wp-block-uagb-faq-child uagb-faq-child__outer-wrap uagb-faq-item uagb-block-e9a0c576\" role=\"tab\" tabindex=\"0\"><div class=\"uagb-faq-questions-button uagb-faq-questions\"><span class=\"uagb-icon uagb-faq-icon-wrap\"><svg xmlns=\"https:\/\/www.w3.org\/2000\/svg\" viewBox=\"0 0 448 512\"><path d=\"M432 256c0 17.69-14.33 32.01-32 32.01H256v144c0 17.69-14.33 31.99-32 31.99s-32-14.3-32-31.99v-144H48c-17.67 0-32-14.32-32-32.01s14.33-31.99 32-31.99H192v-144c0-17.69 14.33-32.01 32-32.01s32 14.32 32 32.01v144h144C417.7 224 432 238.3 432 256z\"><\/path><\/svg><\/span><span class=\"uagb-icon-active uagb-faq-icon-wrap\"><svg xmlns=\"https:\/\/www.w3.org\/2000\/svg\" viewBox=\"0 0 448 512\"><path d=\"M400 288h-352c-17.69 0-32-14.32-32-32.01s14.31-31.99 32-31.99h352c17.69 0 32 14.3 32 31.99S417.7 288 400 288z\"><\/path><\/svg><\/span><h3 class=\"uagb-question\">Quais s\u00e3o os tamanhos de \u00e1lbuns dispon\u00edveis?<\/h3><\/div><p class=\"uagb-faq-content\">Atualmente eu trabalho com dois tamanhos. Um de 20x20cm e outro de 25X25cm.<\/p><\/div>\n<\/div>\n\n\n\n<figure class=\"wp-block-gallery has-nested-images columns-default is-cropped wp-block-gallery-1 is-layout-flex\">\n<figure class=\"wp-block-image size-large\"><img decoding=\"async\" loading=\"lazy\" width=\"1024\" height=\"1024\" data-id=\"1095\"  src=\"https:\/\/ludces.com.br\/wp-content\/uploads\/2023\/05\/20221227_162033-edited-1-1024x1024.jpg\" alt=\"\" class=\"wp-image-1095\" srcset=\"https:\/\/ludces.com.br\/wp-content\/uploads\/2023\/05\/20221227_162033-edited-1-1024x1024.jpg 1024w, https:\/\/ludces.com.br\/wp-content\/uploads\/2023\/05\/20221227_162033-edited-1-300x300.jpg 300w, https:\/\/ludces.com.br\/wp-content\/uploads\/2023\/05\/20221227_162033-edited-1-150x150.jpg 150w, https:\/\/ludces.com.br\/wp-content\/uploads\/2023\/05\/20221227_162033-edited-1-768x768.jpg 768w, https:\/\/ludces.com.br\/wp-content\/uploads\/2023\/05\/20221227_162033-edited-1-1536x1536.jpg 1536w, https:\/\/ludces.com.br\/wp-content\/uploads\/2023\/05\/20221227_162033-edited-1-2048x2048.jpg 2048w\" sizes=\"(max-width: 1024px) 100vw, 1024px\" \/><\/figure>\n\n\n\n<figure class=\"wp-block-image size-large\"><img decoding=\"async\" loading=\"lazy\" width=\"768\" height=\"1024\" data-id=\"1077\"  src=\"https:\/\/ludces.com.br\/wp-content\/uploads\/2023\/05\/20221227_162237-768x1024.jpg\" alt=\"\" class=\"wp-image-1077\" srcset=\"https:\/\/ludces.com.br\/wp-content\/uploads\/2023\/05\/20221227_162237-768x1024.jpg 768w, https:\/\/ludces.com.br\/wp-content\/uploads\/2023\/05\/20221227_162237-225x300.jpg 225w, https:\/\/ludces.com.br\/wp-content\/uploads\/2023\/05\/20221227_162237-1152x1536.jpg 1152w, https:\/\/ludces.com.br\/wp-content\/uploads\/2023\/05\/20221227_162237-1536x2048.jpg 1536w, https:\/\/ludces.com.br\/wp-content\/uploads\/2023\/05\/20221227_162237-scaled.jpg 1920w\" sizes=\"(max-width: 768px) 100vw, 768px\" \/><\/figure>\n<\/figure>\n\n\n\n<div class=\"wp-block-uagb-faq uagb-faq__outer-wrap uagb-block-4a4301c0 uagb-faq-icon-row uagb-faq-layout-accordion uagb-faq-expand-first-true uagb-faq-inactive-other-true uagb-faq__wrap uagb-buttons-layout-wrap uagb-faq-equal-height\" data-faqtoggle=\"true\" role=\"tablist\">\n<div class=\"wp-block-uagb-faq-child uagb-faq-child__outer-wrap uagb-faq-item uagb-block-3ca38d43\" role=\"tab\" tabindex=\"0\"><div class=\"uagb-faq-questions-button uagb-faq-questions\"><span class=\"uagb-icon uagb-faq-icon-wrap\"><svg xmlns=\"https:\/\/www.w3.org\/2000\/svg\" viewBox=\"0 0 448 512\"><path d=\"M432 256c0 17.69-14.33 32.01-32 32.01H256v144c0 17.69-14.33 31.99-32 31.99s-32-14.3-32-31.99v-144H48c-17.67 0-32-14.32-32-32.01s14.33-31.99 32-31.99H192v-144c0-17.69 14.33-32.01 32-32.01s32 14.32 32 32.01v144h144C417.7 224 432 238.3 432 256z\"><\/path><\/svg><\/span><span class=\"uagb-icon-active uagb-faq-icon-wrap\"><svg xmlns=\"https:\/\/www.w3.org\/2000\/svg\" viewBox=\"0 0 448 512\"><path d=\"M400 288h-352c-17.69 0-32-14.32-32-32.01s14.31-31.99 32-31.99h352c17.69 0 32 14.3 32 31.99S417.7 288 400 288z\"><\/path><\/svg><\/span><h3 class=\"uagb-question\">Quantas fotos cabem por \u00e1lbum?<\/h3><\/div><p class=\"uagb-faq-content\">A m\u00e9dia de fotos por \u00e1lbum \u00e9 de 40 fotos num \u00e1lbum de 22 p\u00e1ginas. Mas voc\u00ea pode optar por p\u00e1ginas extras que trar\u00e3o espa\u00e7o para mais fotos.<\/p><\/div>\n\n\n\n<div class=\"wp-block-uagb-faq-child uagb-faq-child__outer-wrap uagb-faq-item uagb-block-700236eb\" role=\"tab\" tabindex=\"0\"><div class=\"uagb-faq-questions-button uagb-faq-questions\"><span class=\"uagb-icon uagb-faq-icon-wrap\"><svg xmlns=\"https:\/\/www.w3.org\/2000\/svg\" viewBox=\"0 0 448 512\"><path d=\"M432 256c0 17.69-14.33 32.01-32 32.01H256v144c0 17.69-14.33 31.99-32 31.99s-32-14.3-32-31.99v-144H48c-17.67 0-32-14.32-32-32.01s14.33-31.99 32-31.99H192v-144c0-17.69 14.33-32.01 32-32.01s32 14.32 32 32.01v144h144C417.7 224 432 238.3 432 256z\"><\/path><\/svg><\/span><span class=\"uagb-icon-active uagb-faq-icon-wrap\"><svg xmlns=\"https:\/\/www.w3.org\/2000\/svg\" viewBox=\"0 0 448 512\"><path d=\"M400 288h-352c-17.69 0-32-14.32-32-32.01s14.31-31.99 32-31.99h352c17.69 0 32 14.3 32 31.99S417.7 288 400 288z\"><\/path><\/svg><\/span><h3 class=\"uagb-question\">Qual o tempo que o \u00e1lbum fica pronto?<\/h3><\/div><p class=\"uagb-faq-content\">Tem o tempo da escolha e diagrama\u00e7\u00e3o + o tempo da gr\u00e1fica e de envio, ent\u00e3o a m\u00e9dia s\u00e3o de 40 dias para voc\u00ea ter o \u00e1lbum em m\u00e3os.<\/p><\/div>\n<\/div>\n\n\n\n<div class=\"wp-block-uagb-faq uagb-faq__outer-wrap uagb-block-fd4a695d uagb-faq-icon-row uagb-faq-layout-accordion uagb-faq-expand-first-true uagb-faq-inactive-other-true uagb-faq__wrap uagb-buttons-layout-wrap uagb-faq-equal-height\" data-faqtoggle=\"true\" role=\"tablist\">\n<div class=\"wp-block-uagb-faq-child uagb-faq-child__outer-wrap uagb-faq-item uagb-block-43e2c2ea\" role=\"tab\" tabindex=\"0\"><div class=\"uagb-faq-questions-button uagb-faq-questions\"><span class=\"uagb-icon uagb-faq-icon-wrap\"><svg xmlns=\"https:\/\/www.w3.org\/2000\/svg\" viewBox=\"0 0 448 512\"><path d=\"M432 256c0 17.69-14.33 32.01-32 32.01H256v144c0 17.69-14.33 31.99-32 31.99s-32-14.3-32-31.99v-144H48c-17.67 0-32-14.32-32-32.01s14.33-31.99 32-31.99H192v-144c0-17.69 14.33-32.01 32-32.01s32 14.32 32 32.01v144h144C417.7 224 432 238.3 432 256z\"><\/path><\/svg><\/span><span class=\"uagb-icon-active uagb-faq-icon-wrap\"><svg xmlns=\"https:\/\/www.w3.org\/2000\/svg\" viewBox=\"0 0 448 512\"><path d=\"M400 288h-352c-17.69 0-32-14.32-32-32.01s14.31-31.99 32-31.99h352c17.69 0 32 14.3 32 31.99S417.7 288 400 288z\"><\/path><\/svg><\/span><h3 class=\"uagb-question\">Qual o material usado nos \u00e1lbuns?<\/h3><\/div><p class=\"uagb-faq-content\">Capa dura laminada com filme<br>Papel fotogr\u00e1fico profissional fosco e laminado<br>Gramatura 400mg\/m\u00b2<br>Abertura 180<\/p><\/div>\n\n\n\n<div class=\"wp-block-uagb-faq-child uagb-faq-child__outer-wrap uagb-faq-item uagb-block-9ff9c2c2\" role=\"tab\" tabindex=\"0\"><div class=\"uagb-faq-questions-button uagb-faq-questions\"><span class=\"uagb-icon uagb-faq-icon-wrap\"><svg xmlns=\"https:\/\/www.w3.org\/2000\/svg\" viewBox=\"0 0 448 512\"><path d=\"M432 256c0 17.69-14.33 32.01-32 32.01H256v144c0 17.69-14.33 31.99-32 31.99s-32-14.3-32-31.99v-144H48c-17.67 0-32-14.32-32-32.01s14.33-31.99 32-31.99H192v-144c0-17.69 14.33-32.01 32-32.01s32 14.32 32 32.01v144h144C417.7 224 432 238.3 432 256z\"><\/path><\/svg><\/span><span class=\"uagb-icon-active uagb-faq-icon-wrap\"><svg xmlns=\"https:\/\/www.w3.org\/2000\/svg\" viewBox=\"0 0 448 512\"><path d=\"M400 288h-352c-17.69 0-32-14.32-32-32.01s14.31-31.99 32-31.99h352c17.69 0 32 14.3 32 31.99S417.7 288 400 288z\"><\/path><\/svg><\/span><h3 class=\"uagb-question\">Por qu\u00ea fazer \u00e1lbum?<\/h3><\/div><p class=\"uagb-faq-content\">Para ter suas lembran\u00e7as sempre \u00e0 m\u00e3o! Nada melhor do que poder acessar essas fotos e lembrar de momentos incr\u00edveis sem precisar acessar uma tela, tamb\u00e9m facilita para mostrar para outras pessoas e reviver momentos.<br><\/p><\/div>\n<\/div>\n\n\n\n<div style=\"height:75px\" aria-hidden=\"true\" class=\"wp-block-spacer\"><\/div>\n\n\n\n<div class=\"wp-block-group is-layout-constrained\">\n<div class=\"wp-block-uagb-call-to-action uagb-block-877de346 wp-block-button\"><div class=\"uagb-cta__wrap\"><h2 class=\"uagb-cta__title\">Ficou com alguma d\u00favida?<\/h2><p class=\"uagb-cta__desc\">Me manda uma mensagem e vamos conversar sobre as suas mem\u00f3rias.<\/p><\/div><div class=\"uagb-cta__buttons\"><a href=\"\/\/www.instagram.com\/ludcesfotografia\/\" class=\"uagb-cta__button-link-wrapper wp-block-button__link\" target=\"_self\" rel=\"noopener noreferrer\">INSTAGRAM<\/a><\/div><\/div>\n<\/div>\n\n\n\n<div style=\"height:168px\" aria-hidden=\"true\" class=\"wp-block-spacer\"><\/div>\n","protected":false},"excerpt":{"rendered":"","protected":false},"author":1,"featured_media":0,"parent":0,"menu_order":0,"comment_status":"closed","ping_status":"closed","template":"","meta":{"_uag_custom_page_level_css":"","site-sidebar-layout":"default","site-content-layout":"default","ast-global-header-display":"","ast-banner-title-visibility":"","ast-main-header-display":"","ast-hfb-above-header-display":"","ast-hfb-below-header-display":"","ast-hfb-mobile-header-display":"","site-post-title":"disabled","ast-breadcrumbs-content":"","ast-featured-img":"","footer-sml-layout":"","theme-transparent-header-meta":"","adv-header-id-meta":"","stick-header-meta":"","header-above-stick-meta":"","header-main-stick-meta":"","header-below-stick-meta":""},"uagb_featured_image_src":{"full":false,"thumbnail":false,"medium":false,"medium_large":false,"large":false,"1536x1536":false,"2048x2048":false},"uagb_author_info":{"display_name":"erikawerneckb@gmail.com","author_link":"https:\/\/ludces.com.br\/?author=1"},"uagb_comment_info":0,"uagb_excerpt":null,"_links":{"self":[{"href":"https:\/\/ludces.com.br\/index.php?rest_route=\/wp\/v2\/pages\/1204"}],"collection":[{"href":"https:\/\/ludces.com.br\/index.php?rest_route=\/wp\/v2\/pages"}],"about":[{"href":"https:\/\/ludces.com.br\/index.php?rest_route=\/wp\/v2\/types\/page"}],"author":[{"embeddable":true,"href":"https:\/\/ludces.com.br\/index.php?rest_route=\/wp\/v2\/users\/1"}],"replies":[{"embeddable":true,"href":"https:\/\/ludces.com.br\/index.php?rest_route=%2Fwp%2Fv2%2Fcomments&post=1204"}],"version-history":[{"count":7,"href":"https:\/\/ludces.com.br\/index.php?rest_route=\/wp\/v2\/pages\/1204\/revisions"}],"predecessor-version":[{"id":1244,"href":"https:\/\/ludces.com.br\/index.php?rest_route=\/wp\/v2\/pages\/1204\/revisions\/1244"}],"wp:attachment":[{"href":"https:\/\/ludces.com.br\/index.php?rest_route=%2Fwp%2Fv2%2Fmedia&parent=1204"}],"curies":[{"name":"wp","href":"https:\/\/api.w.org\/{rel}","templated":true}]}}